{"id":16261,"date":"2025-09-29T23:46:08","date_gmt":"2025-09-29T23:46:08","guid":{"rendered":"https:\/\/tcrk-dz.com\/eCatalog\/?post_type=product&#038;p=16261"},"modified":"2025-09-29T23:49:11","modified_gmt":"2025-09-29T23:49:11","slug":"dahua-alarm-kit-kit-dalarmee-sans-fil-algerie-dz-tcrk-hamiz","status":"publish","type":"product","link":"https:\/\/tcrk-dz.com\/eCatalog\/produit\/dahua-alarm-kit-kit-dalarmee-sans-fil-algerie-dz-tcrk-hamiz\/","title":{"rendered":"Dahua Alarm KIT sans fil"},"content":{"rendered":"<p>Un tout nouveau design industriel et un syst\u00e8me technologique avanc\u00e9<br \/>\nfacilitent l&rsquo;installation de la nouvelle g\u00e9n\u00e9ration de produits d&rsquo;alarme<br \/>\nsans fil et offrent une meilleure apparence, une communication plus<br \/>\nfiable et des performances plus stables. Les applications mobiles DMSS<br \/>\n(pour les utilisateurs finaux) et COS Pro (pour les installateurs) vous<br \/>\npermettent de recevoir des notifications en temps r\u00e9el, de contr\u00f4ler et<br \/>\ng\u00e9rer vos appareils, d\u2019effectuer des op\u00e9rations \u00e0 distance, etc.<\/p>\n","protected":false},"excerpt":{"rendered":"<p>Un tout nouveau design industriel et un syst\u00e8me technologique avanc\u00e9 facilitent l&rsquo;installation de la nouvelle g\u00e9n\u00e9ration de produits d&rsquo;alarme sans<\/p>\n","protected":false},"featured_media":16262,"comment_status":"open","ping_status":"closed","template":"","meta":{"inline_featured_image":false},"product_brand":[76],"product_cat":[212],"product_tag":[],"class_list":{"0":"post-16261","1":"product","2":"type-product","3":"status-publish","4":"has-post-thumbnail","6":"product_brand-dahua","7":"product_cat-alarm","8":"pa_brand-dahua","9":"pa_model-wireless-alarm","11":"first","12":"instock","13":"shipping-taxable","14":"product-type-simple"},"_links":{"self":[{"href":"https:\/\/tcrk-dz.com\/eCatalog\/wp-json\/wp\/v2\/product\/16261","targetHints":{"allow":["GET"]}}],"collection":[{"href":"https:\/\/tcrk-dz.com\/eCatalog\/wp-json\/wp\/v2\/product"}],"about":[{"href":"https:\/\/tcrk-dz.com\/eCatalog\/wp-json\/wp\/v2\/types\/product"}],"replies":[{"embeddable":true,"href":"https:\/\/tcrk-dz.com\/eCatalog\/wp-json\/wp\/v2\/comments?post=16261"}],"version-history":[{"count":0,"href":"https:\/\/tcrk-dz.com\/eCatalog\/wp-json\/wp\/v2\/product\/16261\/revisions"}],"wp:featuredmedia":[{"embeddable":true,"href":"https:\/\/tcrk-dz.com\/eCatalog\/wp-json\/wp\/v2\/media\/16262"}],"wp:attachment":[{"href":"https:\/\/tcrk-dz.com\/eCatalog\/wp-json\/wp\/v2\/media?parent=16261"}],"wp:term":[{"taxonomy":"product_brand","embeddable":true,"href":"https:\/\/tcrk-dz.com\/eCatalog\/wp-json\/wp\/v2\/product_brand?post=16261"},{"taxonomy":"product_cat","embeddable":true,"href":"https:\/\/tcrk-dz.com\/eCatalog\/wp-json\/wp\/v2\/product_cat?post=16261"},{"taxonomy":"product_tag","embeddable":true,"href":"https:\/\/tcrk-dz.com\/eCatalog\/wp-json\/wp\/v2\/product_tag?post=16261"}],"curies":[{"name":"wp","href":"https:\/\/api.w.org\/{rel}","templated":true}]}}