{"id":16049,"date":"2025-02-15T03:15:31","date_gmt":"2025-02-15T03:15:31","guid":{"rendered":"https:\/\/tcrk-dz.com\/eCatalog\/index.php\/produit\/dahua-camera-ptz-2mpx-30x-anti-corrosion-speed-dome-all-environment-series-dh-sd60230u-hni-sl\/"},"modified":"2025-02-17T22:27:00","modified_gmt":"2025-02-17T22:27:00","slug":"dahua-camera-ip-5mpx-fisheye-ir-wizmind-dh-ipc-ew5541p-as","status":"publish","type":"product","link":"https:\/\/tcrk-dz.com\/eCatalog\/produit\/dahua-camera-ip-5mpx-fisheye-ir-wizmind-dh-ipc-ew5541p-as\/","title":{"rendered":"Dahua Camera IP 5Mpx Fisheye IR  WizMind"},"content":{"rendered":"<p>&#8211; Capteur d&rsquo;image CMOS 5 Mpx, 1\/2,7&Prime;, faible \u00e9clairage, haute d\u00e9finition d&rsquo;image.<br \/>\n&#8211; R\u00e9solution max..<br \/>\n&#8211; 5 Mpx (2 592 \u00d7 1 944) \u00e0 25\/30 ips.<br \/>\n&#8211; Codec H..<br \/>\n&#8211; 265, taux de compression \u00e9lev\u00e9, d\u00e9bit binaire ultra-faible.<br \/>\n&#8211; \u00c9clairage IR efficace int\u00e9gr\u00e9 et distance d\u2019\u00e9clairage max..<br \/>\n&#8211; : 10 m.<br \/>\n&#8211; ROI, SMART H..<br \/>\n&#8211; 264+\/H..<br \/>\n&#8211; 265+, encodage flexible, applicable \u00e0 divers environnements de bande passante et de stockage.<br \/>\n&#8211; WDR 120 dB, DNR 3D, HLC, BLC, filigrane num\u00e9rique, applicable \u00e0 diff\u00e9rentes sc\u00e8nes de surveillance.<br \/>\n&#8211; D\u00e9tection Intelligente : Intrusion, franchissement de ligne, comptage de personnes dans la zone.<br \/>\n&#8211; D\u00e9tection d&rsquo;anomalie : D\u00e9tection de mouvement, sabotage vid\u00e9o, changement de sc\u00e8ne, d\u00e9tection d&rsquo;anomalie audio, absence de carte SD, carte SD pleine, erreur de carte SD, r\u00e9seau d\u00e9connect\u00e9, conflit IP, acc\u00e8s interdit et d\u00e9tection de tension.<br \/>\n&#8211; Alarme : 1 entr\u00e9e, 1 sortie ; audio : 1 entr\u00e9e, 1 sortie ; prend en charge une carte microSD de 256 Go max..<br \/>\n&#8211; , microphone int\u00e9gr\u00e9.<br \/>\n&#8211; Alimentation 12 V CC\/PoE, installation facile.<br \/>\n&#8211; Carte thermique pour comptage de personnes..<br \/>\n&#8211; Vous pouvez ajuster le nombre de personnes, le seuil de temps pour g\u00e9n\u00e9rer une carte thermique, qui peut \u00eatre export\u00e9e..<br \/>\n&#8211;<\/p>\n","protected":false},"excerpt":{"rendered":"<p>&#8211; Capteur d&rsquo;image CMOS 5 Mpx, 1\/2,7&Prime;, faible \u00e9clairage, haute d\u00e9finition d&rsquo;image. &#8211; R\u00e9solution max.. &#8211; 5 Mpx (2 592<\/p>\n","protected":false},"featured_media":15896,"comment_status":"closed","ping_status":"closed","template":"","meta":{"inline_featured_image":false},"product_brand":[76],"product_cat":[208],"product_tag":[77,80,79],"class_list":{"0":"post-16049","1":"product","2":"type-product","3":"status-publish","4":"has-post-thumbnail","6":"product_brand-dahua","7":"product_cat-camera","8":"product_tag-camera","9":"product_tag-dahua","10":"product_tag-ip","11":"pa_brand-dahua","12":"pa_series-wizmind","13":"pa_technology-ip","15":"first","16":"instock","17":"product-type-simple"},"_links":{"self":[{"href":"https:\/\/tcrk-dz.com\/eCatalog\/wp-json\/wp\/v2\/product\/16049","targetHints":{"allow":["GET"]}}],"collection":[{"href":"https:\/\/tcrk-dz.com\/eCatalog\/wp-json\/wp\/v2\/product"}],"about":[{"href":"https:\/\/tcrk-dz.com\/eCatalog\/wp-json\/wp\/v2\/types\/product"}],"replies":[{"embeddable":true,"href":"https:\/\/tcrk-dz.com\/eCatalog\/wp-json\/wp\/v2\/comments?post=16049"}],"version-history":[{"count":0,"href":"https:\/\/tcrk-dz.com\/eCatalog\/wp-json\/wp\/v2\/product\/16049\/revisions"}],"wp:featuredmedia":[{"embeddable":true,"href":"https:\/\/tcrk-dz.com\/eCatalog\/wp-json\/wp\/v2\/media\/15896"}],"wp:attachment":[{"href":"https:\/\/tcrk-dz.com\/eCatalog\/wp-json\/wp\/v2\/media?parent=16049"}],"wp:term":[{"taxonomy":"product_brand","embeddable":true,"href":"https:\/\/tcrk-dz.com\/eCatalog\/wp-json\/wp\/v2\/product_brand?post=16049"},{"taxonomy":"product_cat","embeddable":true,"href":"https:\/\/tcrk-dz.com\/eCatalog\/wp-json\/wp\/v2\/product_cat?post=16049"},{"taxonomy":"product_tag","embeddable":true,"href":"https:\/\/tcrk-dz.com\/eCatalog\/wp-json\/wp\/v2\/product_tag?post=16049"}],"curies":[{"name":"wp","href":"https:\/\/api.w.org\/{rel}","templated":true}]}}