{"id":16025,"date":"2025-02-15T03:15:31","date_gmt":"2025-02-15T03:15:31","guid":{"rendered":"https:\/\/tcrk-dz.com\/eCatalog\/index.php\/produit\/dahua-camera-hdcvi-hac-2mpx-ir-fixed-focal-eyeball-dome-lite-series-dh-hac-hdw1500trqp-a-algerie-dz-tcrk-hamiz\/"},"modified":"2025-02-17T22:30:06","modified_gmt":"2025-02-17T22:30:06","slug":"dahua-camera-hdcvi-hac-2mpx-ir-fixed-focal-eyeball-dome-lite-series-dh-hac-hdw1500trqp-a-algerie-dz-tcrk-hamiz","status":"publish","type":"product","link":"https:\/\/tcrk-dz.com\/eCatalog\/produit\/dahua-camera-hdcvi-hac-2mpx-ir-fixed-focal-eyeball-dome-lite-series-dh-hac-hdw1500trqp-a-algerie-dz-tcrk-hamiz\/","title":{"rendered":"Dahua Camera HDCVI\/HAC 2Mpx IR Fixed-focal Eyeball Dome Lite Series"},"content":{"rendered":"<p>&#8211; Maximum de 25 ips \u00e0 5 Mpx (sortie vid\u00e9o 16:9.<br \/>\n&#8211; Cam\u00e9ra eyeball rapide \u00e0 installer pour gagner du temp.<br \/>\n&#8211; Microphone int\u00e9gr\u00e9 (-A.<br \/>\n&#8211; Choix du format CVI\/CVBS\/AHD\/TV.<br \/>\n&#8211; Objectif fixe 3,6 mm (2,8 mm en option.<br \/>\n&#8211; Port\u00e9e IR maximale de 25 m, IR intelligen.<br \/>\n&#8211; IP50, 12 V CC<\/p>\n","protected":false},"excerpt":{"rendered":"<p>&#8211; Maximum de 25 ips \u00e0 5 Mpx (sortie vid\u00e9o 16:9. &#8211; Cam\u00e9ra eyeball rapide \u00e0 installer pour gagner du<\/p>\n","protected":false},"featured_media":15854,"comment_status":"closed","ping_status":"closed","template":"","meta":{"inline_featured_image":false},"product_brand":[76],"product_cat":[208],"product_tag":[77,80,82,93],"class_list":{"0":"post-16025","1":"product","2":"type-product","3":"status-publish","4":"has-post-thumbnail","6":"product_brand-dahua","7":"product_cat-camera","8":"product_tag-camera","9":"product_tag-dahua","10":"product_tag-dome","11":"product_tag-hdcvi-hac","12":"pa_brand-dahua","13":"pa_model-dome","14":"pa_series-lite-series","15":"pa_technology-hdcvi-hac","17":"first","18":"instock","19":"product-type-simple"},"_links":{"self":[{"href":"https:\/\/tcrk-dz.com\/eCatalog\/wp-json\/wp\/v2\/product\/16025","targetHints":{"allow":["GET"]}}],"collection":[{"href":"https:\/\/tcrk-dz.com\/eCatalog\/wp-json\/wp\/v2\/product"}],"about":[{"href":"https:\/\/tcrk-dz.com\/eCatalog\/wp-json\/wp\/v2\/types\/product"}],"replies":[{"embeddable":true,"href":"https:\/\/tcrk-dz.com\/eCatalog\/wp-json\/wp\/v2\/comments?post=16025"}],"version-history":[{"count":0,"href":"https:\/\/tcrk-dz.com\/eCatalog\/wp-json\/wp\/v2\/product\/16025\/revisions"}],"wp:featuredmedia":[{"embeddable":true,"href":"https:\/\/tcrk-dz.com\/eCatalog\/wp-json\/wp\/v2\/media\/15854"}],"wp:attachment":[{"href":"https:\/\/tcrk-dz.com\/eCatalog\/wp-json\/wp\/v2\/media?parent=16025"}],"wp:term":[{"taxonomy":"product_brand","embeddable":true,"href":"https:\/\/tcrk-dz.com\/eCatalog\/wp-json\/wp\/v2\/product_brand?post=16025"},{"taxonomy":"product_cat","embeddable":true,"href":"https:\/\/tcrk-dz.com\/eCatalog\/wp-json\/wp\/v2\/product_cat?post=16025"},{"taxonomy":"product_tag","embeddable":true,"href":"https:\/\/tcrk-dz.com\/eCatalog\/wp-json\/wp\/v2\/product_tag?post=16025"}],"curies":[{"name":"wp","href":"https:\/\/api.w.org\/{rel}","templated":true}]}}