{"id":16004,"date":"2025-02-15T03:15:22","date_gmt":"2025-02-15T03:15:22","guid":{"rendered":"https:\/\/tcrk-dz.com\/eCatalog\/index.php\/produit\/dahua-camera-ip-5mpx-ir-focale-fixe-bullet-wizsense-dh-ipc-hfw2541s-s-algerie-dz-tcrk-hamiz\/"},"modified":"2025-02-15T20:49:39","modified_gmt":"2025-02-15T20:49:39","slug":"dahua-camera-ip-5mpx-ir-focale-fixe-bullet-wizsense-dh-ipc-hfw2541s-s-algerie-dz-tcrk-hamiz","status":"publish","type":"product","link":"https:\/\/tcrk-dz.com\/eCatalog\/produit\/dahua-camera-ip-5mpx-ir-focale-fixe-bullet-wizsense-dh-ipc-hfw2541s-s-algerie-dz-tcrk-hamiz\/","title":{"rendered":"Dahua Camera IP 5Mpx IR Focale Fixe Bullet WizSense"},"content":{"rendered":"<p>&#8211; Capteur d\u2019image CMOS 5 Mpx 1\/2,7 po, faible luminance, image \u00e0 haute d\u00e9finition.<br \/>\n &#8211; La r\u00e9solution maximale est de 5 Mpx (2 960 \u00d7 1 668) \u00e0 20 ips. La r\u00e9solution de 2 688 \u00d7 1 520 \u00e0 25\/30 ips est \u00e9galement disponible.<br \/>\n &#8211; Codec H.265, taux de compression \u00e9lev\u00e9, d\u00e9bit binaire ultra-faible.<br \/>\n &#8211; LED IR int\u00e9gr\u00e9e et distance d\u2019\u00e9clairage maximale de 30m.<br \/>\n &#8211; ROI, SMART H.264+\/H.265+, encodage flexible, applicable \u00e0 divers environnements de bande passante et de stockage.<br \/>\n &#8211; Mode de rotation, WDR, 3D NR, HLC, BLC, filigrane num\u00e9rique, applicable \u00e0 diverses sc\u00e8nes de surveillance.<br \/>\n &#8211; Surveillance Intelligente : Intrusion, franchissement de ligne (les deux fonctions prennent en charge la classification et la d\u00e9tection pr\u00e9cise des v\u00e9hicules et des personnes).<br \/>\n &#8211; D\u00e9tection d&rsquo;anomalie : d\u00e9tection de mouvement, sabotage vid\u00e9o, d\u00e9tection audio, absence de carte SD, carte SD pleine, erreur de carte SD, r\u00e9seau d\u00e9connect\u00e9, conflit IP, acc\u00e8s interdit et d\u00e9tection de tension.<br \/>\n &#8211; Prend en charge une carte microSD de 256 Go max. Un microphone est int\u00e9gr\u00e9.<br \/>\n &#8211; Alimentation 12 V CC\/PoE.<br \/>\n &#8211; Protection IP67.<br \/>\n &#8211; SMD Plus.<\/p>\n","protected":false},"excerpt":{"rendered":"<p>&#8211; Capteur d\u2019image CMOS 5 Mpx 1\/2,7 po, faible luminance, image \u00e0 haute d\u00e9finition. &#8211; La r\u00e9solution maximale est de<\/p>\n","protected":false},"featured_media":15816,"comment_status":"closed","ping_status":"open","template":"","meta":{"inline_featured_image":false},"product_brand":[76],"product_cat":[208],"product_tag":[78,77,80,79],"class_list":{"0":"post-16004","1":"product","2":"type-product","3":"status-publish","4":"has-post-thumbnail","6":"product_brand-dahua","7":"product_cat-camera","8":"product_tag-bullet","9":"product_tag-camera","10":"product_tag-dahua","11":"product_tag-ip","12":"pa_brand-dahua","13":"pa_model-bullet","14":"pa_series-wizsense","15":"pa_technology-ip","17":"first","18":"instock","19":"product-type-simple"},"_links":{"self":[{"href":"https:\/\/tcrk-dz.com\/eCatalog\/wp-json\/wp\/v2\/product\/16004","targetHints":{"allow":["GET"]}}],"collection":[{"href":"https:\/\/tcrk-dz.com\/eCatalog\/wp-json\/wp\/v2\/product"}],"about":[{"href":"https:\/\/tcrk-dz.com\/eCatalog\/wp-json\/wp\/v2\/types\/product"}],"replies":[{"embeddable":true,"href":"https:\/\/tcrk-dz.com\/eCatalog\/wp-json\/wp\/v2\/comments?post=16004"}],"version-history":[{"count":0,"href":"https:\/\/tcrk-dz.com\/eCatalog\/wp-json\/wp\/v2\/product\/16004\/revisions"}],"wp:featuredmedia":[{"embeddable":true,"href":"https:\/\/tcrk-dz.com\/eCatalog\/wp-json\/wp\/v2\/media\/15816"}],"wp:attachment":[{"href":"https:\/\/tcrk-dz.com\/eCatalog\/wp-json\/wp\/v2\/media?parent=16004"}],"wp:term":[{"taxonomy":"product_brand","embeddable":true,"href":"https:\/\/tcrk-dz.com\/eCatalog\/wp-json\/wp\/v2\/product_brand?post=16004"},{"taxonomy":"product_cat","embeddable":true,"href":"https:\/\/tcrk-dz.com\/eCatalog\/wp-json\/wp\/v2\/product_cat?post=16004"},{"taxonomy":"product_tag","embeddable":true,"href":"https:\/\/tcrk-dz.com\/eCatalog\/wp-json\/wp\/v2\/product_tag?post=16004"}],"curies":[{"name":"wp","href":"https:\/\/api.w.org\/{rel}","templated":true}]}}