{"id":15990,"date":"2025-02-15T03:15:22","date_gmt":"2025-02-15T03:15:22","guid":{"rendered":"https:\/\/tcrk-dz.com\/eCatalog\/index.php\/produit\/dahua-camera-ip-5mpx-bullet-pro-ai-dh-ipc-hfw5541ep-ase-0280b-s3-algerie-dz-tcrk-hamiz\/"},"modified":"2025-02-15T20:49:38","modified_gmt":"2025-02-15T20:49:38","slug":"dahua-camera-ip-5mpx-bullet-pro-ai-dh-ipc-hfw5541ep-ase-0280b-s3-algerie-dz-tcrk-hamiz","status":"publish","type":"product","link":"https:\/\/tcrk-dz.com\/eCatalog\/produit\/dahua-camera-ip-5mpx-bullet-pro-ai-dh-ipc-hfw5541ep-ase-0280b-s3-algerie-dz-tcrk-hamiz\/","title":{"rendered":"Dahua Camera IP 5Mpx Bullet Pro AI"},"content":{"rendered":"<p>Cam\u00e9ra IP Dahua WizMind.<br \/>\n &#8211; 5MP@25\/30ips, AI-H.265+\/Smart265+.<br \/>\n &#8211; ICR, 0.0009\/0.0005 lux, Smart IR 50m.<br \/>\n &#8211; Optique fixe 28mm.<br \/>\n &#8211; WDR 120dB, 4 ROI.<br \/>\n &#8211; Protection du p\u00e9rim\u00e8tre, d\u00e9tection des visages, comptage des personnes, carte thermique.<br \/>\n &#8211; Microphone int\u00e9gr\u00e9 et 1 entr\u00e9e \/ 1 sortie audio.<br \/>\n &#8211; 1 entr\u00e9e \/ 1\u2026<\/p>\n","protected":false},"excerpt":{"rendered":"<p>Cam\u00e9ra IP Dahua WizMind. &#8211; 5MP@25\/30ips, AI-H.265+\/Smart265+. &#8211; ICR, 0.0009\/0.0005 lux, Smart IR 50m. &#8211; Optique fixe 28mm. &#8211; WDR<\/p>\n","protected":false},"featured_media":15790,"comment_status":"closed","ping_status":"open","template":"","meta":{"inline_featured_image":false},"product_brand":[76],"product_cat":[208],"product_tag":[78,77,80,79],"class_list":{"0":"post-15990","1":"product","2":"type-product","3":"status-publish","4":"has-post-thumbnail","6":"product_brand-dahua","7":"product_cat-camera","8":"product_tag-bullet","9":"product_tag-camera","10":"product_tag-dahua","11":"product_tag-ip","12":"pa_brand-dahua","13":"pa_model-bullet","14":"pa_series-pro-ai","15":"pa_technology-ip","17":"first","18":"instock","19":"product-type-simple"},"_links":{"self":[{"href":"https:\/\/tcrk-dz.com\/eCatalog\/wp-json\/wp\/v2\/product\/15990","targetHints":{"allow":["GET"]}}],"collection":[{"href":"https:\/\/tcrk-dz.com\/eCatalog\/wp-json\/wp\/v2\/product"}],"about":[{"href":"https:\/\/tcrk-dz.com\/eCatalog\/wp-json\/wp\/v2\/types\/product"}],"replies":[{"embeddable":true,"href":"https:\/\/tcrk-dz.com\/eCatalog\/wp-json\/wp\/v2\/comments?post=15990"}],"version-history":[{"count":0,"href":"https:\/\/tcrk-dz.com\/eCatalog\/wp-json\/wp\/v2\/product\/15990\/revisions"}],"wp:featuredmedia":[{"embeddable":true,"href":"https:\/\/tcrk-dz.com\/eCatalog\/wp-json\/wp\/v2\/media\/15790"}],"wp:attachment":[{"href":"https:\/\/tcrk-dz.com\/eCatalog\/wp-json\/wp\/v2\/media?parent=15990"}],"wp:term":[{"taxonomy":"product_brand","embeddable":true,"href":"https:\/\/tcrk-dz.com\/eCatalog\/wp-json\/wp\/v2\/product_brand?post=15990"},{"taxonomy":"product_cat","embeddable":true,"href":"https:\/\/tcrk-dz.com\/eCatalog\/wp-json\/wp\/v2\/product_cat?post=15990"},{"taxonomy":"product_tag","embeddable":true,"href":"https:\/\/tcrk-dz.com\/eCatalog\/wp-json\/wp\/v2\/product_tag?post=15990"}],"curies":[{"name":"wp","href":"https:\/\/api.w.org\/{rel}","templated":true}]}}