{"id":15984,"date":"2025-02-15T03:15:22","date_gmt":"2025-02-15T03:15:22","guid":{"rendered":"https:\/\/tcrk-dz.com\/eCatalog\/index.php\/produit\/dahua-camera-ip-5mpx-spherique-ai-ir-wdr-focale-fixe-ir-dome-pro-ai-dh-ipc-hdw5541hp-as-pv-algerie-dz-tcrk-hamiz\/"},"modified":"2025-02-15T20:49:38","modified_gmt":"2025-02-15T20:49:38","slug":"dahua-camera-ip-5mpx-spherique-ai-ir-wdr-focale-fixe-ir-dome-pro-ai-dh-ipc-hdw5541hp-as-pv-algerie-dz-tcrk-hamiz","status":"publish","type":"product","link":"https:\/\/tcrk-dz.com\/eCatalog\/produit\/dahua-camera-ip-5mpx-spherique-ai-ir-wdr-focale-fixe-ir-dome-pro-ai-dh-ipc-hdw5541hp-as-pv-algerie-dz-tcrk-hamiz\/","title":{"rendered":"Dahua Camera IP 5Mpx Sph\u00e9rique AI IR WDR Focale Fixe IR Dome Pro AI"},"content":{"rendered":"<p>&#8211; CMOS STARVIS\u2122 1\/2,7&Prime; 5 m\u00e9gapixels \u00e0 balayage progressi.<br \/>\n &#8211; Encodage triple flux H.265 et H.26.<br \/>\n &#8211; 20 ips \u00e0 5 Mpx (2 592 \u00d7 1 944.<br \/>\n &#8211; Plage dynamique \u00e9tendue (WDR) 120 dB, jour\/nuit (ICR), r\u00e9duction du bruit num\u00e9rique (DNR 3D), balance des blancs automatique (AWB), contr\u00f4le de gain automatique (AGC), compensation de contre-jour (BLC.<br \/>\n &#8211; Surveillance r\u00e9seau multiple : Visionneuse web, CMS (DSS\/PSS) et DMS.<br \/>\n &#8211; Objectif fixe de 2,8 mm (3,6 mm et 6 mm en option.<br \/>\n &#8211; 1 entr\u00e9e\/1 sortie d\u2019alarme, 1 entr\u00e9e\/1 sortie audi.<br \/>\n &#8211; Port\u00e9e LED IR max. : 40 .<br \/>\n &#8211; M\u00e9moire de Micro SD, IP67<\/p>\n","protected":false},"excerpt":{"rendered":"<p>&#8211; CMOS STARVIS\u2122 1\/2,7&Prime; 5 m\u00e9gapixels \u00e0 balayage progressi. &#8211; Encodage triple flux H.265 et H.26. &#8211; 20 ips \u00e0<\/p>\n","protected":false},"featured_media":15781,"comment_status":"closed","ping_status":"open","template":"","meta":{"inline_featured_image":false},"product_brand":[76],"product_cat":[208],"product_tag":[77,80,82,79],"class_list":{"0":"post-15984","1":"product","2":"type-product","3":"status-publish","4":"has-post-thumbnail","6":"product_brand-dahua","7":"product_cat-camera","8":"product_tag-camera","9":"product_tag-dahua","10":"product_tag-dome","11":"product_tag-ip","12":"pa_brand-dahua","13":"pa_model-dome","14":"pa_series-pro-ai","15":"pa_technology-ip","17":"first","18":"instock","19":"product-type-simple"},"_links":{"self":[{"href":"https:\/\/tcrk-dz.com\/eCatalog\/wp-json\/wp\/v2\/product\/15984","targetHints":{"allow":["GET"]}}],"collection":[{"href":"https:\/\/tcrk-dz.com\/eCatalog\/wp-json\/wp\/v2\/product"}],"about":[{"href":"https:\/\/tcrk-dz.com\/eCatalog\/wp-json\/wp\/v2\/types\/product"}],"replies":[{"embeddable":true,"href":"https:\/\/tcrk-dz.com\/eCatalog\/wp-json\/wp\/v2\/comments?post=15984"}],"version-history":[{"count":0,"href":"https:\/\/tcrk-dz.com\/eCatalog\/wp-json\/wp\/v2\/product\/15984\/revisions"}],"wp:featuredmedia":[{"embeddable":true,"href":"https:\/\/tcrk-dz.com\/eCatalog\/wp-json\/wp\/v2\/media\/15781"}],"wp:attachment":[{"href":"https:\/\/tcrk-dz.com\/eCatalog\/wp-json\/wp\/v2\/media?parent=15984"}],"wp:term":[{"taxonomy":"product_brand","embeddable":true,"href":"https:\/\/tcrk-dz.com\/eCatalog\/wp-json\/wp\/v2\/product_brand?post=15984"},{"taxonomy":"product_cat","embeddable":true,"href":"https:\/\/tcrk-dz.com\/eCatalog\/wp-json\/wp\/v2\/product_cat?post=15984"},{"taxonomy":"product_tag","embeddable":true,"href":"https:\/\/tcrk-dz.com\/eCatalog\/wp-json\/wp\/v2\/product_tag?post=15984"}],"curies":[{"name":"wp","href":"https:\/\/api.w.org\/{rel}","templated":true}]}}