{"id":15981,"date":"2025-02-15T03:15:22","date_gmt":"2025-02-15T03:15:22","guid":{"rendered":"https:\/\/tcrk-dz.com\/eCatalog\/index.php\/produit\/dahua-camera-ip-8mpx-spherique-polychrome-dissuasion-active-et-focale-fixe-dome-wizsense-3-dh-ipc-hdw3849h-as-pv-algerie-dz-tcrk-hamiz\/"},"modified":"2025-02-15T20:49:38","modified_gmt":"2025-02-15T20:49:38","slug":"dahua-camera-ip-8mpx-spherique-polychrome-dissuasion-active-et-focale-fixe-dome-wizsense-3-dh-ipc-hdw3849h-as-pv-algerie-dz-tcrk-hamiz","status":"publish","type":"product","link":"https:\/\/tcrk-dz.com\/eCatalog\/produit\/dahua-camera-ip-8mpx-spherique-polychrome-dissuasion-active-et-focale-fixe-dome-wizsense-3-dh-ipc-hdw3849h-as-pv-algerie-dz-tcrk-hamiz\/","title":{"rendered":"Dahua Camera IP 8Mpx sph\u00e9rique polychrome dissuasion active et Focale Fixe Dome WizSense 3"},"content":{"rendered":"<p>.<br \/>\n &#8211; Capteur d\u2019image CMOS 8 Mpx, 1\/2,8&Prime;, faible \u00e9clairage, haute d\u00e9finition d\u2019image &#8211; Produit max. 8 Mpx (3840 \u00d7 2160) (20 ips) (fonction IA activ\u00e9e par d\u00e9faut) et prend en charge 8 Mpx (3840 \u00d7 2160) (25\/30 ips) (lorsque la fonction IA est d\u00e9sactiv\u00e9e) .<br \/>\n &#8211; Codec H.265, taux de compression \u00e9lev\u00e9, d\u00e9bit binaire faible &#8211; \u00c9clairage chaud int\u00e9gr\u00e9 et distance d\u2019\u00e9clairage max. : 30 m .<br \/>\n &#8211; ROI, Smart H.265+\/Smart H.264+, encodage flexible, applicable \u00e0 divers environnements de bande passante et de stockage .<br \/>\n &#8211; Mode de rotation, plage dynamique \u00e9tendue (WDR), r\u00e9duction du bruit (NR) 3D, compensation de la lumi\u00e8re vive (HLC), compensation du contre-jour (BLC), filigrane num\u00e9rique, applicable \u00e0 diverses sc\u00e8nes de surveillance .<br \/>\n &#8211; D\u00e9tection intelligente : Intrusion, franchissement de ligne (ces deux fonctions prennent en charge la classification et la d\u00e9tection pr\u00e9cise des v\u00e9hicules et des personnes). .<br \/>\n &#8211; D\u00e9tection d&rsquo;anomalie : D\u00e9tection de mouvement, sabotage vid\u00e9o, changement de sc\u00e8ne, d\u00e9tection d&rsquo;anomalie audio, absence de carte SD, carte SD pleine, erreur de carte SD, r\u00e9seau d\u00e9connect\u00e9, conflit IP, acc\u00e8s interdit et d\u00e9tection de tension &#8211; Prend en charge la liaison d\u2019alarmes sonores et lumineuses. Lorsqu\u2019une alarme se d\u00e9clenche, la cam\u00e9ra associe une alarme sonore et un clignotement lumineux &#8211; Prend en charge le d\u00e9sarmement en une touche. Vous pouvez d\u00e9sarmer les \u00e9v\u00e9nements d\u2019une sortie d\u2019alarme et en envoyant un email, un son et une lumi\u00e8re sur la p\u00e9riode configur\u00e9e .<br \/>\n &#8211; Alarme : 1 entr\u00e9e, 1 sortie audio : 1 entr\u00e9e, 1 sortie ; prend en charge une carte microSD de 256 Go max., microphone et haut-parleur int\u00e9gr\u00e9s .<br \/>\n &#8211; Alimentation 12 V CC\/PoE &#8211; Protection IP67 &#8211; SMD Plus .<br \/>\n &#8211; Alarme par clignotement lumineux rouge et bleu<\/p>\n","protected":false},"excerpt":{"rendered":"<p>. &#8211; Capteur d\u2019image CMOS 8 Mpx, 1\/2,8&Prime;, faible \u00e9clairage, haute d\u00e9finition d\u2019image &#8211; Produit max. 8 Mpx (3840 \u00d7<\/p>\n","protected":false},"featured_media":15776,"comment_status":"closed","ping_status":"open","template":"","meta":{"inline_featured_image":false},"product_brand":[76],"product_cat":[208],"product_tag":[77,80,82,79],"class_list":{"0":"post-15981","1":"product","2":"type-product","3":"status-publish","4":"has-post-thumbnail","6":"product_brand-dahua","7":"product_cat-camera","8":"product_tag-camera","9":"product_tag-dahua","10":"product_tag-dome","11":"product_tag-ip","12":"pa_brand-dahua","13":"pa_model-dome","14":"pa_series-wizsense-3","15":"pa_technology-ip","17":"first","18":"instock","19":"product-type-simple"},"_links":{"self":[{"href":"https:\/\/tcrk-dz.com\/eCatalog\/wp-json\/wp\/v2\/product\/15981","targetHints":{"allow":["GET"]}}],"collection":[{"href":"https:\/\/tcrk-dz.com\/eCatalog\/wp-json\/wp\/v2\/product"}],"about":[{"href":"https:\/\/tcrk-dz.com\/eCatalog\/wp-json\/wp\/v2\/types\/product"}],"replies":[{"embeddable":true,"href":"https:\/\/tcrk-dz.com\/eCatalog\/wp-json\/wp\/v2\/comments?post=15981"}],"version-history":[{"count":0,"href":"https:\/\/tcrk-dz.com\/eCatalog\/wp-json\/wp\/v2\/product\/15981\/revisions"}],"wp:featuredmedia":[{"embeddable":true,"href":"https:\/\/tcrk-dz.com\/eCatalog\/wp-json\/wp\/v2\/media\/15776"}],"wp:attachment":[{"href":"https:\/\/tcrk-dz.com\/eCatalog\/wp-json\/wp\/v2\/media?parent=15981"}],"wp:term":[{"taxonomy":"product_brand","embeddable":true,"href":"https:\/\/tcrk-dz.com\/eCatalog\/wp-json\/wp\/v2\/product_brand?post=15981"},{"taxonomy":"product_cat","embeddable":true,"href":"https:\/\/tcrk-dz.com\/eCatalog\/wp-json\/wp\/v2\/product_cat?post=15981"},{"taxonomy":"product_tag","embeddable":true,"href":"https:\/\/tcrk-dz.com\/eCatalog\/wp-json\/wp\/v2\/product_tag?post=15981"}],"curies":[{"name":"wp","href":"https:\/\/api.w.org\/{rel}","templated":true}]}}