{"id":15975,"date":"2025-02-15T03:15:22","date_gmt":"2025-02-15T03:15:22","guid":{"rendered":"https:\/\/tcrk-dz.com\/eCatalog\/index.php\/produit\/dahua-camera-ip-8mpx-objectif-motorise-bullet-wizsense-3-dh-ipc-hfw3841tp-zs-algerie-dz-tcrk-hamiz\/"},"modified":"2025-02-15T20:49:39","modified_gmt":"2025-02-15T20:49:39","slug":"dahua-camera-ip-8mpx-objectif-motorise-bullet-wizsense-3-dh-ipc-hfw3841tp-zs-algerie-dz-tcrk-hamiz","status":"publish","type":"product","link":"https:\/\/tcrk-dz.com\/eCatalog\/produit\/dahua-camera-ip-8mpx-objectif-motorise-bullet-wizsense-3-dh-ipc-hfw3841tp-zs-algerie-dz-tcrk-hamiz\/","title":{"rendered":"Dahua Camera IP 8Mpx Objectif Motoris\u00e9 Bullet WizSense 3"},"content":{"rendered":"<p>&#8211; Capteur d\u2019image CMOS 8 Mpx, 1\/2,8&Prime;, faible \u00e9clairage, haute d\u00e9finition d\u2019image &#8211; Produit max. 8 Mpx (3 840 \u00d7 2 160) (20 ips) (fonction IA activ\u00e9e par d\u00e9faut) et prend en charge 8 Mpx (3 840 \u00d7 2 160) (25\/30 ips) (lorsque la fonction IA est d\u00e9sactiv\u00e9e) &#8211; Codec H.265, taux de compression \u00e9lev\u00e9, d\u00e9bit binaire faible &#8211; LED IR int\u00e9gr\u00e9e, distance IR max. : 60 m &#8211; ROI, SMART H.264+\/H.265+, encodage flexible, applicable \u00e0 divers environnements de bande passante et de stockage.<br \/>\n &#8211; Mode de rotation, plage dynamique \u00e9tendue (WDR), r\u00e9duction du bruit num\u00e9rique (DNR) 3D, compensation de lumi\u00e8re vive (HLC), compensation de contre-jour (BLC), filigrane num\u00e9rique, applicable \u00e0 diff\u00e9rentes sc\u00e8nes de surveillance &#8211; D\u00e9tection intelligente : Intrusion, franchissement de ligne (ces deux fonctions prennent en charge la classification et la d\u00e9tection pr\u00e9cise des v\u00e9hicules et des personnes).<br \/>\n &#8211; D\u00e9tection d&rsquo;anomalie : D\u00e9tection de mouvement, sabotage vid\u00e9o, changement de sc\u00e8ne, d\u00e9tection audio (prise en charge de ZAS uniquement), absence de carte SD, carte SD pleine, erreur de carteSD, r\u00e9seau d\u00e9connect\u00e9, conflit IP, acc\u00e8s interdit et d\u00e9tection de tension &#8211; Alarme : 1 entr\u00e9e, 1 sortie (prise en charge de ZAS uniquement) ; audio : 1 entr\u00e9e, 1 sortie (prise en charge de ZAS uniquement) &#8211; Prise en charge de cartes microSD de 256 Go max.<br \/>\n &#8211; Alimentation 12 V CC\/PoE &#8211; ProtectionIP67, IK10 (en option) &#8211; SMD Plus<\/p>\n","protected":false},"excerpt":{"rendered":"<p>&#8211; Capteur d\u2019image CMOS 8 Mpx, 1\/2,8&Prime;, faible \u00e9clairage, haute d\u00e9finition d\u2019image &#8211; Produit max. 8 Mpx (3 840 \u00d7<\/p>\n","protected":false},"featured_media":15764,"comment_status":"closed","ping_status":"open","template":"","meta":{"inline_featured_image":false},"product_brand":[76],"product_cat":[208],"product_tag":[78,77,80,79],"class_list":{"0":"post-15975","1":"product","2":"type-product","3":"status-publish","4":"has-post-thumbnail","6":"product_brand-dahua","7":"product_cat-camera","8":"product_tag-bullet","9":"product_tag-camera","10":"product_tag-dahua","11":"product_tag-ip","12":"pa_brand-dahua","13":"pa_model-bullet","14":"pa_series-wizsense-3","15":"pa_technology-ip","17":"first","18":"instock","19":"product-type-simple"},"_links":{"self":[{"href":"https:\/\/tcrk-dz.com\/eCatalog\/wp-json\/wp\/v2\/product\/15975","targetHints":{"allow":["GET"]}}],"collection":[{"href":"https:\/\/tcrk-dz.com\/eCatalog\/wp-json\/wp\/v2\/product"}],"about":[{"href":"https:\/\/tcrk-dz.com\/eCatalog\/wp-json\/wp\/v2\/types\/product"}],"replies":[{"embeddable":true,"href":"https:\/\/tcrk-dz.com\/eCatalog\/wp-json\/wp\/v2\/comments?post=15975"}],"version-history":[{"count":0,"href":"https:\/\/tcrk-dz.com\/eCatalog\/wp-json\/wp\/v2\/product\/15975\/revisions"}],"wp:featuredmedia":[{"embeddable":true,"href":"https:\/\/tcrk-dz.com\/eCatalog\/wp-json\/wp\/v2\/media\/15764"}],"wp:attachment":[{"href":"https:\/\/tcrk-dz.com\/eCatalog\/wp-json\/wp\/v2\/media?parent=15975"}],"wp:term":[{"taxonomy":"product_brand","embeddable":true,"href":"https:\/\/tcrk-dz.com\/eCatalog\/wp-json\/wp\/v2\/product_brand?post=15975"},{"taxonomy":"product_cat","embeddable":true,"href":"https:\/\/tcrk-dz.com\/eCatalog\/wp-json\/wp\/v2\/product_cat?post=15975"},{"taxonomy":"product_tag","embeddable":true,"href":"https:\/\/tcrk-dz.com\/eCatalog\/wp-json\/wp\/v2\/product_tag?post=15975"}],"curies":[{"name":"wp","href":"https:\/\/api.w.org\/{rel}","templated":true}]}}