{"id":15973,"date":"2025-02-15T03:15:22","date_gmt":"2025-02-15T03:15:22","guid":{"rendered":"https:\/\/tcrk-dz.com\/eCatalog\/index.php\/produit\/dahua-camera-ip-8mpx-globe-oculaire-focale-variable-ir-dome-wizsense-3-dh-ipc-hdw3841tp-zas-algerie-dz-tcrk-hamiz\/"},"modified":"2025-02-15T20:49:39","modified_gmt":"2025-02-15T20:49:39","slug":"dahua-camera-ip-8mpx-globe-oculaire-focale-variable-ir-dome-wizsense-3-dh-ipc-hdw3841tp-zas-algerie-dz-tcrk-hamiz","status":"publish","type":"product","link":"https:\/\/tcrk-dz.com\/eCatalog\/produit\/dahua-camera-ip-8mpx-globe-oculaire-focale-variable-ir-dome-wizsense-3-dh-ipc-hdw3841tp-zas-algerie-dz-tcrk-hamiz\/","title":{"rendered":"Dahua Camera IP 8Mpx globe oculaire focale variable IR Dome WizSense 3"},"content":{"rendered":"<p>.<br \/>\n &#8211; Capteur d&rsquo;image CMOS 8MP, 1\/2,8&Prime;, faible \u00e9clairement, haute d\u00e9finition d&rsquo;image <\/p>\n<p> .<br \/>\n &#8211; Sorties max. 8MP (3840 \u00d7 2160) @20 ips (fonction AI activ\u00e9e par d\u00e9faut) et prend en charge 8MP (3840 \u00d7 2160) @25\/30 ips (lorsque la fonction AI est d\u00e9sactiv\u00e9e) <\/p>\n<p> .<br \/>\n &#8211; Codec H.265, taux de compression \u00e9lev\u00e9, faible d\u00e9bit <\/p>\n<p> .<br \/>\n &#8211; LED IR int\u00e9gr\u00e9e, max. Distance infrarouge : 50 m <\/p>\n<p> .<br \/>\n &#8211; ROI, SMART H.264+\/H.265+, codage flexible, applicable \u00e0 divers environnements de bande passante et de stockage. <\/p>\n<p> .<br \/>\n &#8211; Mode rotation, WDR, 3D DNR, HLC, BLC, filigrane num\u00e9rique, applicable \u00e0 diverses sc\u00e8nes de surveillance <\/p>\n<p> .<br \/>\n &#8211; D\u00e9tection intelligente : Intrusion, fil-pi\u00e8ge (prend en charge la classification et la d\u00e9tection pr\u00e9cise du v\u00e9hicule et de l&rsquo;homme) <\/p>\n<p> .<br \/>\n &#8211; D\u00e9tection d&rsquo;anomalies : d\u00e9tection de mouvement, alt\u00e9ration vid\u00e9o, changement de sc\u00e8ne, d\u00e9tection audio, pas de carte SD, carte SD pleine, erreur de carte SD, d\u00e9connexion du r\u00e9seau, conflit IP, acc\u00e8s ill\u00e9gal et d\u00e9tection de tension <\/p>\n<p> .<br \/>\n &#8211; Prend en charge max. Carte Micro SD 256 G, micro int\u00e9gr\u00e9 <\/p>\n<p> .<br \/>\n &#8211; Alimentation 12V DC\/PoE <\/p>\n<p> .<br \/>\n &#8211; Indice de protection IP67 <\/p>\n<p> .<br \/>\n &#8211; CMS Plus<\/p>\n","protected":false},"excerpt":{"rendered":"<p>. &#8211; Capteur d&rsquo;image CMOS 8MP, 1\/2,8&Prime;, faible \u00e9clairement, haute d\u00e9finition d&rsquo;image . &#8211; Sorties max. 8MP (3840 \u00d7 2160)<\/p>\n","protected":false},"featured_media":15760,"comment_status":"closed","ping_status":"open","template":"","meta":{"inline_featured_image":false},"product_brand":[76],"product_cat":[208],"product_tag":[77,80,82,79],"class_list":{"0":"post-15973","1":"product","2":"type-product","3":"status-publish","4":"has-post-thumbnail","6":"product_brand-dahua","7":"product_cat-camera","8":"product_tag-camera","9":"product_tag-dahua","10":"product_tag-dome","11":"product_tag-ip","12":"pa_brand-dahua","13":"pa_model-dome","14":"pa_series-wizsense-3","15":"pa_technology-ip","17":"first","18":"instock","19":"product-type-simple"},"_links":{"self":[{"href":"https:\/\/tcrk-dz.com\/eCatalog\/wp-json\/wp\/v2\/product\/15973","targetHints":{"allow":["GET"]}}],"collection":[{"href":"https:\/\/tcrk-dz.com\/eCatalog\/wp-json\/wp\/v2\/product"}],"about":[{"href":"https:\/\/tcrk-dz.com\/eCatalog\/wp-json\/wp\/v2\/types\/product"}],"replies":[{"embeddable":true,"href":"https:\/\/tcrk-dz.com\/eCatalog\/wp-json\/wp\/v2\/comments?post=15973"}],"version-history":[{"count":0,"href":"https:\/\/tcrk-dz.com\/eCatalog\/wp-json\/wp\/v2\/product\/15973\/revisions"}],"wp:featuredmedia":[{"embeddable":true,"href":"https:\/\/tcrk-dz.com\/eCatalog\/wp-json\/wp\/v2\/media\/15760"}],"wp:attachment":[{"href":"https:\/\/tcrk-dz.com\/eCatalog\/wp-json\/wp\/v2\/media?parent=15973"}],"wp:term":[{"taxonomy":"product_brand","embeddable":true,"href":"https:\/\/tcrk-dz.com\/eCatalog\/wp-json\/wp\/v2\/product_brand?post=15973"},{"taxonomy":"product_cat","embeddable":true,"href":"https:\/\/tcrk-dz.com\/eCatalog\/wp-json\/wp\/v2\/product_cat?post=15973"},{"taxonomy":"product_tag","embeddable":true,"href":"https:\/\/tcrk-dz.com\/eCatalog\/wp-json\/wp\/v2\/product_tag?post=15973"}],"curies":[{"name":"wp","href":"https:\/\/api.w.org\/{rel}","templated":true}]}}