{"id":15962,"date":"2025-02-15T03:15:22","date_gmt":"2025-02-15T03:15:22","guid":{"rendered":"https:\/\/tcrk-dz.com\/eCatalog\/index.php\/produit\/dahua-camera-ip-5mpx-full-color-active-deterrence-fixed-focal-bullet-wizsense-3-dh-ipc-hfw3549t1-as-pv-algerie-dz-tcrk-hamiz\/"},"modified":"2025-02-15T20:49:39","modified_gmt":"2025-02-15T20:49:39","slug":"dahua-camera-ip-5mpx-full-color-active-deterrence-fixed-focal-bullet-wizsense-3-dh-ipc-hfw3549t1-as-pv-algerie-dz-tcrk-hamiz","status":"publish","type":"product","link":"https:\/\/tcrk-dz.com\/eCatalog\/produit\/dahua-camera-ip-5mpx-full-color-active-deterrence-fixed-focal-bullet-wizsense-3-dh-ipc-hfw3549t1-as-pv-algerie-dz-tcrk-hamiz\/","title":{"rendered":"Dahua Camera IP 5Mpx Full-color Active Deterrence Fixed-focal Bullet WizSense 3"},"content":{"rendered":"<p>&#8211; Capteur d\u2019image CMOS 8 Mpx 1\/2,8&Prime;, faible luminance et image \u00e0 haute d\u00e9finition.<br \/>\n &#8211; R\u00e9solution max. 8 Mpx (3 840 \u00d7 2 160) \u00e0 25\/30 ips.<br \/>\n &#8211; Codec H.265, taux de compression \u00e9lev\u00e9, d\u00e9bit binaire ultra-faible.<br \/>\n &#8211; Lumi\u00e8re chaude et LED IR int\u00e9gr\u00e9s ; la distance d\u2019\u00e9clairage IR max. est de 30 m et la distance d\u2019\u00e9clairage chaude est de 30 m.<br \/>\n &#8211; ROI, SMART H.264+\/H.265+, H.264\/H.265 par IA, encodage flexible, applicable \u00e0 divers environnements de bande passante et de stockage.<br \/>\n &#8211; Mode de rotation, WDR, 3D NR, HLC, BLC, filigrane num\u00e9rique, applicable \u00e0 diverses sc\u00e8nes de surveillance.<br \/>\n &#8211; Surveillance intelligente : Intrusion, franchissement de ligne (les deux fonctions prennent en charge la classification et la d\u00e9tection pr\u00e9cise des v\u00e9hicules et des personnes).<br \/>\n &#8211; D\u00e9tection d&rsquo;anomalie : D\u00e9tection de mouvement, masquage de zones privatives, changement de sc\u00e8ne, d\u00e9tection d\u2019anomalie audio, absence de carte SD, carte SD pleine, erreur de carte SD, r\u00e9seau d\u00e9connect\u00e9, conflit IP, acc\u00e8s interdit et d\u00e9tection de tension.<br \/>\n &#8211; Alarme : 1 entr\u00e9e, 1 sortie ; audio : 1 entr\u00e9e, 1 sortie ; prend en charge une carte microSD de 256 Go max. ; double microphone int\u00e9gr\u00e9 ; hautparleur \u00e0 1 canal, communication bidirectionnelle prise en charge.<br \/>\n &#8211; Alimentation 12 V CC\/PoE.<br \/>\n &#8211; Protection IP67.<br \/>\n &#8211; Alarme sonore et lumineuse (lumi\u00e8res rouge et bleue).<br \/>\n &#8211; SMD 4.0.<br \/>\n &#8211; Armement\/d\u00e9sarmement en un clic sur l\u2019entr\u00e9e d\u2019alarme.<\/p>\n","protected":false},"excerpt":{"rendered":"<p>&#8211; Capteur d\u2019image CMOS 8 Mpx 1\/2,8&Prime;, faible luminance et image \u00e0 haute d\u00e9finition. &#8211; R\u00e9solution max. 8 Mpx (3<\/p>\n","protected":false},"featured_media":15738,"comment_status":"closed","ping_status":"open","template":"","meta":{"inline_featured_image":false},"product_brand":[76],"product_cat":[208],"product_tag":[78,77,80,79],"class_list":{"0":"post-15962","1":"product","2":"type-product","3":"status-publish","4":"has-post-thumbnail","6":"product_brand-dahua","7":"product_cat-camera","8":"product_tag-bullet","9":"product_tag-camera","10":"product_tag-dahua","11":"product_tag-ip","12":"pa_brand-dahua","13":"pa_model-bullet","14":"pa_series-wizsense-3","15":"pa_technology-ip","17":"first","18":"instock","19":"product-type-simple"},"_links":{"self":[{"href":"https:\/\/tcrk-dz.com\/eCatalog\/wp-json\/wp\/v2\/product\/15962","targetHints":{"allow":["GET"]}}],"collection":[{"href":"https:\/\/tcrk-dz.com\/eCatalog\/wp-json\/wp\/v2\/product"}],"about":[{"href":"https:\/\/tcrk-dz.com\/eCatalog\/wp-json\/wp\/v2\/types\/product"}],"replies":[{"embeddable":true,"href":"https:\/\/tcrk-dz.com\/eCatalog\/wp-json\/wp\/v2\/comments?post=15962"}],"version-history":[{"count":0,"href":"https:\/\/tcrk-dz.com\/eCatalog\/wp-json\/wp\/v2\/product\/15962\/revisions"}],"wp:featuredmedia":[{"embeddable":true,"href":"https:\/\/tcrk-dz.com\/eCatalog\/wp-json\/wp\/v2\/media\/15738"}],"wp:attachment":[{"href":"https:\/\/tcrk-dz.com\/eCatalog\/wp-json\/wp\/v2\/media?parent=15962"}],"wp:term":[{"taxonomy":"product_brand","embeddable":true,"href":"https:\/\/tcrk-dz.com\/eCatalog\/wp-json\/wp\/v2\/product_brand?post=15962"},{"taxonomy":"product_cat","embeddable":true,"href":"https:\/\/tcrk-dz.com\/eCatalog\/wp-json\/wp\/v2\/product_cat?post=15962"},{"taxonomy":"product_tag","embeddable":true,"href":"https:\/\/tcrk-dz.com\/eCatalog\/wp-json\/wp\/v2\/product_tag?post=15962"}],"curies":[{"name":"wp","href":"https:\/\/api.w.org\/{rel}","templated":true}]}}