{"id":15956,"date":"2025-02-15T03:15:13","date_gmt":"2025-02-15T03:15:13","guid":{"rendered":"https:\/\/tcrk-dz.com\/eCatalog\/index.php\/produit\/dahua-camera-ip-5mpx-focale-fixe-ir-dome-wizsense-3-ipc-hdw3541tmp-as-0280b-algerie-dz-tcrk-hamiz\/"},"modified":"2025-02-15T20:49:40","modified_gmt":"2025-02-15T20:49:40","slug":"dahua-camera-ip-5mpx-focale-fixe-ir-dome-wizsense-3-ipc-hdw3541tmp-as-0280b-algerie-dz-tcrk-hamiz","status":"publish","type":"product","link":"https:\/\/tcrk-dz.com\/eCatalog\/produit\/dahua-camera-ip-5mpx-focale-fixe-ir-dome-wizsense-3-ipc-hdw3541tmp-as-0280b-algerie-dz-tcrk-hamiz\/","title":{"rendered":"Dahua Camera IP 5Mpx Focale Fixe IR Dome WizSense 3"},"content":{"rendered":"<p>.<br \/>\n &#8211; Capteur d&rsquo;image CMOS 5MP, 1\/2,7&Prime;, faible luminosit\u00e9, haute d\u00e9finition d&rsquo;image .<br \/>\n &#8211; Sortie max. 5MP (2592 \u00d7 1944) \u00e0 20 ips et prend en charge 4MP (2688 \u00d7 1520) \u00e0 25\/30 ips .<br \/>\n &#8211; Codec H.265, taux de compression \u00e9lev\u00e9, d\u00e9bit binaire ultra-faible .<br \/>\n &#8211; LED chaude int\u00e9gr\u00e9e, distance LED max. : 50 m .<br \/>\n &#8211; ROI, SMART H.264 +\/H.265+, codage flexible, applicable \u00e0 divers environnements de bande passante et de stockage .<br \/>\n &#8211; Mode de rotation, WDR, 3D NR, HLC, BLC, filigrane num\u00e9rique, applicable \u00e0 diverses sc\u00e8nes de surveillance .<br \/>\n &#8211; D\u00e9tection intelligente : intrusion, pi\u00e8ge (prend en charge la classification et la d\u00e9tection pr\u00e9cise des v\u00e9hicules et des humains) .<br \/>\n &#8211; D\u00e9tection d&rsquo;anomalie : d\u00e9tection de mouvement, masquage de confidentialit\u00e9, changement de sc\u00e8ne, d\u00e9tection audio, absence de carte SD, carte SD pleine, erreur de carte SD, d\u00e9connexion du r\u00e9seau, conflit IP, acc\u00e8s ill\u00e9gal et d\u00e9tection de tension .<br \/>\n &#8211; Prend en charge une carte Micro SD max. 256 Go, microphone int\u00e9gr\u00e9 .<br \/>\n &#8211; Alimentation 12 V DC\/PoE, facile \u00e0 installer .<br \/>\n &#8211; Protection IP67 .<br \/>\n &#8211; CMS Plus<\/p>\n","protected":false},"excerpt":{"rendered":"<p>. &#8211; Capteur d&rsquo;image CMOS 5MP, 1\/2,7&Prime;, faible luminosit\u00e9, haute d\u00e9finition d&rsquo;image . &#8211; Sortie max. 5MP (2592 \u00d7 1944)<\/p>\n","protected":false},"featured_media":15728,"comment_status":"closed","ping_status":"open","template":"","meta":{"inline_featured_image":false},"product_brand":[76],"product_cat":[208],"product_tag":[77,80,82,79],"class_list":{"0":"post-15956","1":"product","2":"type-product","3":"status-publish","4":"has-post-thumbnail","6":"product_brand-dahua","7":"product_cat-camera","8":"product_tag-camera","9":"product_tag-dahua","10":"product_tag-dome","11":"product_tag-ip","12":"pa_brand-dahua","13":"pa_model-dome","14":"pa_series-wizsense-3","15":"pa_technology-ip","17":"first","18":"instock","19":"product-type-simple"},"_links":{"self":[{"href":"https:\/\/tcrk-dz.com\/eCatalog\/wp-json\/wp\/v2\/product\/15956","targetHints":{"allow":["GET"]}}],"collection":[{"href":"https:\/\/tcrk-dz.com\/eCatalog\/wp-json\/wp\/v2\/product"}],"about":[{"href":"https:\/\/tcrk-dz.com\/eCatalog\/wp-json\/wp\/v2\/types\/product"}],"replies":[{"embeddable":true,"href":"https:\/\/tcrk-dz.com\/eCatalog\/wp-json\/wp\/v2\/comments?post=15956"}],"version-history":[{"count":0,"href":"https:\/\/tcrk-dz.com\/eCatalog\/wp-json\/wp\/v2\/product\/15956\/revisions"}],"wp:featuredmedia":[{"embeddable":true,"href":"https:\/\/tcrk-dz.com\/eCatalog\/wp-json\/wp\/v2\/media\/15728"}],"wp:attachment":[{"href":"https:\/\/tcrk-dz.com\/eCatalog\/wp-json\/wp\/v2\/media?parent=15956"}],"wp:term":[{"taxonomy":"product_brand","embeddable":true,"href":"https:\/\/tcrk-dz.com\/eCatalog\/wp-json\/wp\/v2\/product_brand?post=15956"},{"taxonomy":"product_cat","embeddable":true,"href":"https:\/\/tcrk-dz.com\/eCatalog\/wp-json\/wp\/v2\/product_cat?post=15956"},{"taxonomy":"product_tag","embeddable":true,"href":"https:\/\/tcrk-dz.com\/eCatalog\/wp-json\/wp\/v2\/product_tag?post=15956"}],"curies":[{"name":"wp","href":"https:\/\/api.w.org\/{rel}","templated":true}]}}