{"id":15950,"date":"2025-02-15T03:15:13","date_gmt":"2025-02-15T03:15:13","guid":{"rendered":"https:\/\/tcrk-dz.com\/eCatalog\/index.php\/produit\/dahua-camera-ip-5mpx-focale-fixe-ir-dome-wizsense-ipc-hdbw3541ep-s-0280b-algerie-dz-tcrk-hamiz\/"},"modified":"2025-02-15T20:49:41","modified_gmt":"2025-02-15T20:49:41","slug":"dahua-camera-ip-5mpx-focale-fixe-ir-dome-wizsense-ipc-hdbw3541ep-s-0280b-algerie-dz-tcrk-hamiz","status":"publish","type":"product","link":"https:\/\/tcrk-dz.com\/eCatalog\/produit\/dahua-camera-ip-5mpx-focale-fixe-ir-dome-wizsense-ipc-hdbw3541ep-s-0280b-algerie-dz-tcrk-hamiz\/","title":{"rendered":"Dahua Camera IP 5Mpx Focale Fixe IR Dome WizSense"},"content":{"rendered":"<p>&#8211; Capteur d&rsquo;image CMOS 5MP, 1\/2,7&Prime;, faible luminosit\u00e9, haute d\u00e9finition d&rsquo;imag.<br \/>\n &#8211; Sorties max. 5MP (2592 \u00d7 1944) \u00e0 20 ips et prend en charge 4MP (2688 \u00d7 1520) \u00e0 25\/30 ip.<br \/>\n &#8211; Codec H.265, taux de compression \u00e9lev\u00e9, faible d\u00e9bit binair.<br \/>\n &#8211; LED IR int\u00e9gr\u00e9e, distance IR max. : 50 .<br \/>\n &#8211; ROI, SMART H.264+\/H.265+, codage flexible, applicable \u00e0 divers environnements de bande passante et de stockag.<br \/>\n &#8211; Mode de rotation, WDR, 3D DNR, HLC, BLC, filigrane num\u00e9rique, applicable \u00e0 diverses sc\u00e8nes de surveillanc.<br \/>\n &#8211; D\u00e9tection intelligente : intrusion, pi\u00e8ge (prend en charge la classification et la d\u00e9tection pr\u00e9cise des v\u00e9hicules et des humains.<br \/>\n &#8211; D\u00e9tection d&rsquo;anomalies : d\u00e9tection de mouvement, falsification vid\u00e9o, changement de sc\u00e8ne, absence de carte SD, carte SD pleine, erreur de carte SD, d\u00e9connexion du r\u00e9seau, conflit IP, acc\u00e8s ill\u00e9gal, d\u00e9tection de tensio.<br \/>\n &#8211; Prend en charge une carte Micro SD de 256 Go max.<br \/>\n &#8211; Alimentation 12 V CC\/PO.<br \/>\n &#8211; Protection IP67, IK1.<br \/>\n &#8211; SMD Plus<\/p>\n","protected":false},"excerpt":{"rendered":"<p>&#8211; Capteur d&rsquo;image CMOS 5MP, 1\/2,7&Prime;, faible luminosit\u00e9, haute d\u00e9finition d&rsquo;imag. &#8211; Sorties max. 5MP (2592 \u00d7 1944) \u00e0 20<\/p>\n","protected":false},"featured_media":15717,"comment_status":"closed","ping_status":"open","template":"","meta":{"inline_featured_image":false},"product_brand":[76],"product_cat":[208],"product_tag":[77,80,82,79],"class_list":{"0":"post-15950","1":"product","2":"type-product","3":"status-publish","4":"has-post-thumbnail","6":"product_brand-dahua","7":"product_cat-camera","8":"product_tag-camera","9":"product_tag-dahua","10":"product_tag-dome","11":"product_tag-ip","12":"pa_brand-dahua","13":"pa_model-dome","14":"pa_series-wizsense","15":"pa_technology-ip","17":"first","18":"instock","19":"product-type-simple"},"_links":{"self":[{"href":"https:\/\/tcrk-dz.com\/eCatalog\/wp-json\/wp\/v2\/product\/15950","targetHints":{"allow":["GET"]}}],"collection":[{"href":"https:\/\/tcrk-dz.com\/eCatalog\/wp-json\/wp\/v2\/product"}],"about":[{"href":"https:\/\/tcrk-dz.com\/eCatalog\/wp-json\/wp\/v2\/types\/product"}],"replies":[{"embeddable":true,"href":"https:\/\/tcrk-dz.com\/eCatalog\/wp-json\/wp\/v2\/comments?post=15950"}],"version-history":[{"count":0,"href":"https:\/\/tcrk-dz.com\/eCatalog\/wp-json\/wp\/v2\/product\/15950\/revisions"}],"wp:featuredmedia":[{"embeddable":true,"href":"https:\/\/tcrk-dz.com\/eCatalog\/wp-json\/wp\/v2\/media\/15717"}],"wp:attachment":[{"href":"https:\/\/tcrk-dz.com\/eCatalog\/wp-json\/wp\/v2\/media?parent=15950"}],"wp:term":[{"taxonomy":"product_brand","embeddable":true,"href":"https:\/\/tcrk-dz.com\/eCatalog\/wp-json\/wp\/v2\/product_brand?post=15950"},{"taxonomy":"product_cat","embeddable":true,"href":"https:\/\/tcrk-dz.com\/eCatalog\/wp-json\/wp\/v2\/product_cat?post=15950"},{"taxonomy":"product_tag","embeddable":true,"href":"https:\/\/tcrk-dz.com\/eCatalog\/wp-json\/wp\/v2\/product_tag?post=15950"}],"curies":[{"name":"wp","href":"https:\/\/api.w.org\/{rel}","templated":true}]}}