{"id":15941,"date":"2025-02-15T03:15:13","date_gmt":"2025-02-15T03:15:13","guid":{"rendered":"https:\/\/tcrk-dz.com\/eCatalog\/index.php\/produit\/dahua-camera-ip-ir-focale-fixe-8-megapixels-bullet-lite-dh-ipc-hfw2831tp-as-algerie-dz-tcrk-hamiz\/"},"modified":"2025-02-15T20:49:41","modified_gmt":"2025-02-15T20:49:41","slug":"dahua-camera-ip-ir-focale-fixe-8-megapixels-bullet-lite-dh-ipc-hfw2831tp-as-algerie-dz-tcrk-hamiz","status":"publish","type":"product","link":"https:\/\/tcrk-dz.com\/eCatalog\/produit\/dahua-camera-ip-ir-focale-fixe-8-megapixels-bullet-lite-dh-ipc-hfw2831tp-as-algerie-dz-tcrk-hamiz\/","title":{"rendered":"Dahua Camera IP IR Focale Fixe 8 m\u00e9gapixels Bullet Lite"},"content":{"rendered":"<p>8MP Lite IR Fixed-focal Bullet Network Camera, 1\/2.7&Prime; CMOS image sensor, low illuminance, high image definitio.<br \/>\n &#8211; Outputs max. 8MP (3840 \u00d7 2160) @15 fps, and supports 2688\u00d71520 (2688 \u00d7 1520) @25\/30 fp.<br \/>\n &#8211; H.265 codec, high compression rate, ultra-low bit rat.<br \/>\n &#8211; Built-in IR LED, max IR distance: 80 .<br \/>\n &#8211; RoI, SMART H.264+\/H.265+, flexible coding, applicable to various bandwidth and storage environment.<br \/>\n &#8211; Rotation mode, WDR, 3D DNR, HLC, BLC, digital watermarking, applicable to various monitoring scene.<br \/>\n &#8211; Intelligent detection: Intrusion, tripwir.<br \/>\n &#8211; Abnormality detection: Motion detection, video tampering, no SD card, SD card full, SD card error, network disconnection, IP conflict, illegal ac- cess, local alarm, voltage detection,audio detectio.<br \/>\n &#8211; Alarm: 1 in, 1 out; audio: 1 in, 1 out; supports max. 256 GB Micro SD car.<br \/>\n &#8211; 12V DC\/POE power support suppl.<br \/>\n &#8211; IP67 protection, IK10 protection (optional)<\/p>\n","protected":false},"excerpt":{"rendered":"<p>8MP Lite IR Fixed-focal Bullet Network Camera, 1\/2.7&Prime; CMOS image sensor, low illuminance, high image definitio. &#8211; Outputs max. 8MP<\/p>\n","protected":false},"featured_media":15700,"comment_status":"closed","ping_status":"open","template":"","meta":{"inline_featured_image":false},"product_brand":[76],"product_cat":[208],"product_tag":[78,77,80,79],"class_list":{"0":"post-15941","1":"product","2":"type-product","3":"status-publish","4":"has-post-thumbnail","6":"product_brand-dahua","7":"product_cat-camera","8":"product_tag-bullet","9":"product_tag-camera","10":"product_tag-dahua","11":"product_tag-ip","12":"pa_brand-dahua","13":"pa_model-bullet","14":"pa_series-lite","15":"pa_technology-ip","17":"first","18":"instock","19":"product-type-simple"},"_links":{"self":[{"href":"https:\/\/tcrk-dz.com\/eCatalog\/wp-json\/wp\/v2\/product\/15941","targetHints":{"allow":["GET"]}}],"collection":[{"href":"https:\/\/tcrk-dz.com\/eCatalog\/wp-json\/wp\/v2\/product"}],"about":[{"href":"https:\/\/tcrk-dz.com\/eCatalog\/wp-json\/wp\/v2\/types\/product"}],"replies":[{"embeddable":true,"href":"https:\/\/tcrk-dz.com\/eCatalog\/wp-json\/wp\/v2\/comments?post=15941"}],"version-history":[{"count":0,"href":"https:\/\/tcrk-dz.com\/eCatalog\/wp-json\/wp\/v2\/product\/15941\/revisions"}],"wp:featuredmedia":[{"embeddable":true,"href":"https:\/\/tcrk-dz.com\/eCatalog\/wp-json\/wp\/v2\/media\/15700"}],"wp:attachment":[{"href":"https:\/\/tcrk-dz.com\/eCatalog\/wp-json\/wp\/v2\/media?parent=15941"}],"wp:term":[{"taxonomy":"product_brand","embeddable":true,"href":"https:\/\/tcrk-dz.com\/eCatalog\/wp-json\/wp\/v2\/product_brand?post=15941"},{"taxonomy":"product_cat","embeddable":true,"href":"https:\/\/tcrk-dz.com\/eCatalog\/wp-json\/wp\/v2\/product_cat?post=15941"},{"taxonomy":"product_tag","embeddable":true,"href":"https:\/\/tcrk-dz.com\/eCatalog\/wp-json\/wp\/v2\/product_tag?post=15941"}],"curies":[{"name":"wp","href":"https:\/\/api.w.org\/{rel}","templated":true}]}}