{"id":15935,"date":"2025-02-15T03:15:13","date_gmt":"2025-02-15T03:15:13","guid":{"rendered":"https:\/\/tcrk-dz.com\/eCatalog\/index.php\/produit\/dahua-camera-ip-8mpx-focale-fixe-ir-2-8mm-dome-lite-dh-ipc-hdbw2831e-s-s2-algerie-dz-tcrk-hamiz\/"},"modified":"2025-02-15T20:49:41","modified_gmt":"2025-02-15T20:49:41","slug":"dahua-camera-ip-8mpx-focale-fixe-ir-2-8mm-dome-lite-dh-ipc-hdbw2831e-s-s2-algerie-dz-tcrk-hamiz","status":"publish","type":"product","link":"https:\/\/tcrk-dz.com\/eCatalog\/produit\/dahua-camera-ip-8mpx-focale-fixe-ir-2-8mm-dome-lite-dh-ipc-hdbw2831e-s-s2-algerie-dz-tcrk-hamiz\/","title":{"rendered":"Dahua Camera IP 8Mpx Focale fixe IR 2.8mm Dome Lite"},"content":{"rendered":"<p>. Capteur d\u2019image CMOS 8 Mpx, 1\/2,7&Prime;, faible \u00e9clairage, haute d\u00e9finition d\u2019image Vue d\u2019ensemble du Syst\u00e8me Gr\u00e2ce \u00e0 la technologie d\u2019encodage H.265 mise \u00e0 niveau, la cam\u00e9ra r\u00e9seau de la Lite de Dahua offre une capacit\u00e9 d\u2019encodage vid\u00e9o efficace qui permet d\u2019\u00e9conomiser de la bande passante et de l\u2019espace de stockage. Cette cam\u00e9ra emploie la toute derni\u00e8re technologie Starlight et produit des images en couleur plus vives dans les environnements les plus sombres. Elle prend en charge le stockage sur carte SD, est \u00e9tanche \u00e0 la poussi\u00e8re et \u00e0 l\u2019eau, est \u00e9quip\u00e9e d\u2019une fonction antisabotage et est conforme aux normes IP67 et IK10 (sur certains mod\u00e8les particuliers). Fonctions Codec Intelligent Gr\u00e2ce \u00e0 un algorithme avanc\u00e9 de contr\u00f4le de d\u00e9bit adapt\u00e9 \u00e0 la sc\u00e8ne, la technologie d\u2019encodage intelligent de Dahua offre une efficacit\u00e9 d\u2019encodage sup\u00e9rieure \u00e0 celle des formats H.265 et H.264, fournit une vid\u00e9o de haute qualit\u00e9 et r\u00e9duit le co\u00fbt du stockage et de la transmission. WDR Gr\u00e2ce \u00e0 la technologie avanc\u00e9e de Plage Dynamique \u00c9tendue (WDR), la cam\u00e9ra r\u00e9seau Dahua produit des d\u00e9tails clairs dans les environnements lumineux et fortement contrast\u00e9s. Vous pouvez obtenir des images claires des zones lumineuses et sombres, m\u00eame dans les environnements tr\u00e8s lumineux ou \u00e0 contre-jour.<br \/>\n &#8211; Filme en 8 Mpx au maximum (3 840 \u00d7 2 160) \u00e0 15 ips, et prend en charge une r\u00e9solution de 2 688 \u00d7 1 520 (2 688 \u00d7 1 520) \u00e0 25\/30 ips &#8211; Codec H.265, taux de compression \u00e9lev\u00e9, d\u00e9bit binaire ultra-faible &#8211; LED IR int\u00e9gr\u00e9e, distance IR max. : 30 m &#8211; ROI, SMART H.264\/H.265, encodage flexible, applicable \u00e0 divers environnements de bande passante et de stockage &#8211; Mode de rotation, plage dynamique \u00e9tendue (WDR), r\u00e9duction du bruit num\u00e9rique (DNR) 3D, compensation de lumi\u00e8re vive (HLC), compensation de contre-jour (BLC), filigrane num\u00e9rique, applicable \u00e0 diff\u00e9rentes sc\u00e8nes de surveillance &#8211; D\u00e9tection intelligente : Intrusion, franchissement de ligne &#8211; D\u00e9tection d\u2019anomalie : d\u00e9tection de mouvement, sabotage vid\u00e9o, absence de carte SD, carte SD pleine, erreur de carte SD, r\u00e9seau d\u00e9connect\u00e9, conflit IP, acc\u00e8s interdit, d\u00e9tection de tension &#8211; Prise en charge de cartes microSD de 256 Go max.<br \/>\n &#8211; Prise en charge d\u2019alimentation 12 V CC\/PoE &#8211; Indice de protection IP67, IK10<\/p>\n","protected":false},"excerpt":{"rendered":"<p>. Capteur d\u2019image CMOS 8 Mpx, 1\/2,7&Prime;, faible \u00e9clairage, haute d\u00e9finition d\u2019image Vue d\u2019ensemble du Syst\u00e8me Gr\u00e2ce \u00e0 la technologie<\/p>\n","protected":false},"featured_media":15691,"comment_status":"closed","ping_status":"open","template":"","meta":{"inline_featured_image":false},"product_brand":[76],"product_cat":[208],"product_tag":[77,80,82,79],"class_list":{"0":"post-15935","1":"product","2":"type-product","3":"status-publish","4":"has-post-thumbnail","6":"product_brand-dahua","7":"product_cat-camera","8":"product_tag-camera","9":"product_tag-dahua","10":"product_tag-dome","11":"product_tag-ip","12":"pa_brand-dahua","13":"pa_model-dome","14":"pa_series-lite","15":"pa_technology-ip","17":"first","18":"instock","19":"product-type-simple"},"_links":{"self":[{"href":"https:\/\/tcrk-dz.com\/eCatalog\/wp-json\/wp\/v2\/product\/15935","targetHints":{"allow":["GET"]}}],"collection":[{"href":"https:\/\/tcrk-dz.com\/eCatalog\/wp-json\/wp\/v2\/product"}],"about":[{"href":"https:\/\/tcrk-dz.com\/eCatalog\/wp-json\/wp\/v2\/types\/product"}],"replies":[{"embeddable":true,"href":"https:\/\/tcrk-dz.com\/eCatalog\/wp-json\/wp\/v2\/comments?post=15935"}],"version-history":[{"count":0,"href":"https:\/\/tcrk-dz.com\/eCatalog\/wp-json\/wp\/v2\/product\/15935\/revisions"}],"wp:featuredmedia":[{"embeddable":true,"href":"https:\/\/tcrk-dz.com\/eCatalog\/wp-json\/wp\/v2\/media\/15691"}],"wp:attachment":[{"href":"https:\/\/tcrk-dz.com\/eCatalog\/wp-json\/wp\/v2\/media?parent=15935"}],"wp:term":[{"taxonomy":"product_brand","embeddable":true,"href":"https:\/\/tcrk-dz.com\/eCatalog\/wp-json\/wp\/v2\/product_brand?post=15935"},{"taxonomy":"product_cat","embeddable":true,"href":"https:\/\/tcrk-dz.com\/eCatalog\/wp-json\/wp\/v2\/product_cat?post=15935"},{"taxonomy":"product_tag","embeddable":true,"href":"https:\/\/tcrk-dz.com\/eCatalog\/wp-json\/wp\/v2\/product_tag?post=15935"}],"curies":[{"name":"wp","href":"https:\/\/api.w.org\/{rel}","templated":true}]}}