{"id":15923,"date":"2025-02-15T03:15:13","date_gmt":"2025-02-15T03:15:13","guid":{"rendered":"https:\/\/tcrk-dz.com\/eCatalog\/index.php\/produit\/dahua-camera-ip-4mpx-focale-fixe-ir-dome-lite-dh-ipc-hdbw2431e-s-s2-algerie-dz-tcrk-hamiz\/"},"modified":"2025-02-15T20:49:40","modified_gmt":"2025-02-15T20:49:40","slug":"dahua-camera-ip-4mpx-focale-fixe-ir-dome-lite-dh-ipc-hdbw2431e-s-s2-algerie-dz-tcrk-hamiz","status":"publish","type":"product","link":"https:\/\/tcrk-dz.com\/eCatalog\/produit\/dahua-camera-ip-4mpx-focale-fixe-ir-dome-lite-dh-ipc-hdbw2431e-s-s2-algerie-dz-tcrk-hamiz\/","title":{"rendered":"Dahua Camera IP 4Mpx Focale fixe IR Dome Lite"},"content":{"rendered":"<p>Cam\u00e9ra R\u00e9seau Mini-D\u00f4me IR 4 m\u00e9gapixels Lite Capteur d\u2019image CMOS 4 Mpx, 1\/3&Prime;, faible \u00e9clairage, haute d\u00e9finition d\u2019imag.<br \/>\n &#8211; Filme en 4 Mpx (2 560 \u00d7 1 440) \u00e0 25\/30 ips, prend en charge une r\u00e9solution max. de 4 Mpx (2 688 \u00d7 1 520) \u00e0 20 ip.<br \/>\n &#8211; Encodage H.265, taux de compression \u00e9lev\u00e9, d\u00e9bit binaire faibl.<br \/>\n &#8211; LED IR int\u00e9gr\u00e9e, distance IR max. : 30 .<br \/>\n &#8211; ROI, SMART H.264\/H.265, encodage flexible, applicable \u00e0 divers environnements de bande passante et de stockag.<br \/>\n &#8211; Mode de rotation, plage dynamique \u00e9tendue (WDR), r\u00e9duction du bruit num\u00e9rique (DNR) 3D, compensation de lumi\u00e8re vive (HLC), compensation de contre-jour (BLC), filigrane num\u00e9rique, applicable \u00e0 diff\u00e9rentes sc\u00e8nes de surveillanc.<br \/>\n &#8211; D\u00e9tection intelligente : Intrusion, franchissement de lign.<br \/>\n &#8211; D\u00e9tection d\u2019anomalie : d\u00e9tection de mouvement, sabotage vid\u00e9o, absence de carte SD, carte SD pleine, erreur de carte SD, r\u00e9seau d\u00e9connect\u00e9, conflit IP, acc\u00e8s interdit, d\u00e9tection de tensio.<br \/>\n &#8211; Cartes SD de 256 Go max.<br \/>\n &#8211; Prise en charge d\u2019alimentation 12 V CC\/Po.<br \/>\n &#8211; Indice de protection IP67, IK10<\/p>\n","protected":false},"excerpt":{"rendered":"<p>Cam\u00e9ra R\u00e9seau Mini-D\u00f4me IR 4 m\u00e9gapixels Lite Capteur d\u2019image CMOS 4 Mpx, 1\/3&Prime;, faible \u00e9clairage, haute d\u00e9finition d\u2019imag. &#8211; Filme<\/p>\n","protected":false},"featured_media":15672,"comment_status":"closed","ping_status":"open","template":"","meta":{"inline_featured_image":false},"product_brand":[76],"product_cat":[208],"product_tag":[77,80,82,79],"class_list":{"0":"post-15923","1":"product","2":"type-product","3":"status-publish","4":"has-post-thumbnail","6":"product_brand-dahua","7":"product_cat-camera","8":"product_tag-camera","9":"product_tag-dahua","10":"product_tag-dome","11":"product_tag-ip","12":"pa_brand-dahua","13":"pa_model-dome","14":"pa_series-lite","15":"pa_technology-ip","17":"first","18":"instock","19":"product-type-simple"},"_links":{"self":[{"href":"https:\/\/tcrk-dz.com\/eCatalog\/wp-json\/wp\/v2\/product\/15923","targetHints":{"allow":["GET"]}}],"collection":[{"href":"https:\/\/tcrk-dz.com\/eCatalog\/wp-json\/wp\/v2\/product"}],"about":[{"href":"https:\/\/tcrk-dz.com\/eCatalog\/wp-json\/wp\/v2\/types\/product"}],"replies":[{"embeddable":true,"href":"https:\/\/tcrk-dz.com\/eCatalog\/wp-json\/wp\/v2\/comments?post=15923"}],"version-history":[{"count":0,"href":"https:\/\/tcrk-dz.com\/eCatalog\/wp-json\/wp\/v2\/product\/15923\/revisions"}],"wp:featuredmedia":[{"embeddable":true,"href":"https:\/\/tcrk-dz.com\/eCatalog\/wp-json\/wp\/v2\/media\/15672"}],"wp:attachment":[{"href":"https:\/\/tcrk-dz.com\/eCatalog\/wp-json\/wp\/v2\/media?parent=15923"}],"wp:term":[{"taxonomy":"product_brand","embeddable":true,"href":"https:\/\/tcrk-dz.com\/eCatalog\/wp-json\/wp\/v2\/product_brand?post=15923"},{"taxonomy":"product_cat","embeddable":true,"href":"https:\/\/tcrk-dz.com\/eCatalog\/wp-json\/wp\/v2\/product_cat?post=15923"},{"taxonomy":"product_tag","embeddable":true,"href":"https:\/\/tcrk-dz.com\/eCatalog\/wp-json\/wp\/v2\/product_tag?post=15923"}],"curies":[{"name":"wp","href":"https:\/\/api.w.org\/{rel}","templated":true}]}}