{"id":15908,"date":"2025-02-15T03:15:13","date_gmt":"2025-02-15T03:15:13","guid":{"rendered":"https:\/\/tcrk-dz.com\/eCatalog\/index.php\/produit\/dahua-camera-ip-5mpx-ir-vari-focale-ir-60m-bullet-wizsense-2-dh-ipc-hfw2541tp-zs-s2-algerie-dz-tcrk-hamiz\/"},"modified":"2025-02-15T20:49:40","modified_gmt":"2025-02-15T20:49:40","slug":"dahua-camera-ip-5mpx-ir-vari-focale-ir-60m-bullet-wizsense-2-dh-ipc-hfw2541tp-zs-s2-algerie-dz-tcrk-hamiz","status":"publish","type":"product","link":"https:\/\/tcrk-dz.com\/eCatalog\/produit\/dahua-camera-ip-5mpx-ir-vari-focale-ir-60m-bullet-wizsense-2-dh-ipc-hfw2541tp-zs-s2-algerie-dz-tcrk-hamiz\/","title":{"rendered":"Dahua Camera IP 5Mpx IR Vari-focale + IR 60m Bullet WizSense 2"},"content":{"rendered":"<p>&#8211; Capteur d&rsquo;image CMOS 1\/2,7&Prime;\u00a0\u00bb 5 MP, faible luminance et image haute d\u00e9finition.<br \/>\n &#8211; Sortie max. 5 MP (2592 \u00d7 1944) \u00e0 20 ips et prise en charge de 4 MP (2688 \u00d7 1520) \u00e0 25\/30 ips.<br \/>\n &#8211; Codec H.265, taux de compression \u00e9lev\u00e9, d\u00e9bit binaire ultra-faible.<br \/>\n &#8211; LED IR int\u00e9gr\u00e9e, et la distance d&rsquo;\u00e9clairage maximale est de 60 m.<br \/>\n &#8211; ROI, SMART H.264+\/H.265+, codage flexible, applicable \u00e0 divers environnements de bande passante et de stockage.<br \/>\n &#8211; Mode de rotation, WDR, 3D NR, HLC, BLC, tatouage num\u00e9rique, applicable \u00e0 diverses sc\u00e8nes de surveillance.<br \/>\n &#8211; Surveillance intelligente : Intrusion et tripwire (les deux fonctions prennent en charge la classification et la d\u00e9tection pr\u00e9cise des v\u00e9hicules et humain).<br \/>\n &#8211; D\u00e9tection d&rsquo;anomalies : d\u00e9tection de mouvement, alt\u00e9ration vid\u00e9o, changement de sc\u00e8ne, d\u00e9tection audio (uniquement &#8211; ZAS prend en charge), pas de carte SD, carte SD pleine, erreur de carte SD, d\u00e9connexion r\u00e9seau, conflit IP, acc\u00e8s ill\u00e9gal et d\u00e9tection de tension.<br \/>\n &#8211; Alarme : 1 entr\u00e9e, 1 sortie (uniquement &#8211; ZAS prend en charge) ; audio : 1 entr\u00e9e, 1 sortie (uniquement &#8211; prise en charge ZAS).<br \/>\n &#8211; prend en charge max. Carte Micro SD 256 Go.<br \/>\n &#8211; Alimentation 12 VDC\/PoE, facile \u00e0 installer.<br \/>\n &#8211; Indice de protection IP67.<br \/>\n &#8211; CMS Plus.<\/p>\n","protected":false},"excerpt":{"rendered":"<p>&#8211; Capteur d&rsquo;image CMOS 1\/2,7&Prime;\u00a0\u00bb 5 MP, faible luminance et image haute d\u00e9finition. &#8211; Sortie max. 5 MP (2592 \u00d7<\/p>\n","protected":false},"featured_media":15647,"comment_status":"closed","ping_status":"open","template":"","meta":{"inline_featured_image":false},"product_brand":[76],"product_cat":[208],"product_tag":[78,77,80,79],"class_list":{"0":"post-15908","1":"product","2":"type-product","3":"status-publish","4":"has-post-thumbnail","6":"product_brand-dahua","7":"product_cat-camera","8":"product_tag-bullet","9":"product_tag-camera","10":"product_tag-dahua","11":"product_tag-ip","12":"pa_brand-dahua","13":"pa_model-bullet","14":"pa_series-wizsense-2","15":"pa_technology-ip","17":"first","18":"instock","19":"product-type-simple"},"_links":{"self":[{"href":"https:\/\/tcrk-dz.com\/eCatalog\/wp-json\/wp\/v2\/product\/15908","targetHints":{"allow":["GET"]}}],"collection":[{"href":"https:\/\/tcrk-dz.com\/eCatalog\/wp-json\/wp\/v2\/product"}],"about":[{"href":"https:\/\/tcrk-dz.com\/eCatalog\/wp-json\/wp\/v2\/types\/product"}],"replies":[{"embeddable":true,"href":"https:\/\/tcrk-dz.com\/eCatalog\/wp-json\/wp\/v2\/comments?post=15908"}],"version-history":[{"count":0,"href":"https:\/\/tcrk-dz.com\/eCatalog\/wp-json\/wp\/v2\/product\/15908\/revisions"}],"wp:featuredmedia":[{"embeddable":true,"href":"https:\/\/tcrk-dz.com\/eCatalog\/wp-json\/wp\/v2\/media\/15647"}],"wp:attachment":[{"href":"https:\/\/tcrk-dz.com\/eCatalog\/wp-json\/wp\/v2\/media?parent=15908"}],"wp:term":[{"taxonomy":"product_brand","embeddable":true,"href":"https:\/\/tcrk-dz.com\/eCatalog\/wp-json\/wp\/v2\/product_brand?post=15908"},{"taxonomy":"product_cat","embeddable":true,"href":"https:\/\/tcrk-dz.com\/eCatalog\/wp-json\/wp\/v2\/product_cat?post=15908"},{"taxonomy":"product_tag","embeddable":true,"href":"https:\/\/tcrk-dz.com\/eCatalog\/wp-json\/wp\/v2\/product_tag?post=15908"}],"curies":[{"name":"wp","href":"https:\/\/api.w.org\/{rel}","templated":true}]}}